{"id":110,"date":"2017-12-14T12:55:05","date_gmt":"2017-12-14T11:55:05","guid":{"rendered":"https:\/\/dkaserwis.pl\/index.php\/o-nas\/"},"modified":"2017-12-17T16:37:07","modified_gmt":"2017-12-17T15:37:07","slug":"o-nas","status":"publish","type":"page","link":"https:\/\/dkaserwis.pl\/index.php\/o-nas\/","title":{"rendered":"O Nas"},"content":{"rendered":"<p>[et_pb_section fb_built=&#8221;1&#8243; fullwidth=&#8221;on&#8221; _builder_version=&#8221;3.0.91&#8243; animation_style=&#8221;flip&#8221; animation_duration=&#8221;3000ms&#8221; animation_delay=&#8221;1400ms&#8221; animation_speed_curve=&#8221;ease&#8221; global_module=&#8221;142&#8243; animation_starting_opacity=&#8221;4%&#8221;][et_pb_fullwidth_slider _builder_version=&#8221;3.0.91&#8243; auto=&#8221;on&#8221; auto_speed=&#8221;3500&#8243;][et_pb_slide use_bg_overlay=&#8221;on&#8221; bg_overlay_color=&#8221;rgba(0,0,0,0.64)&#8221; use_text_overlay=&#8221;off&#8221; arrows_custom_color=&#8221;#75a724&#8243; dot_nav_custom_color=&#8221;#75a724&#8243; _builder_version=&#8221;3.0.91&#8243; header_font=&#8221;Play|700||on|||||&#8221; header_text_align=&#8221;center&#8221; header_font_size=&#8221;32&#8243; header_font_size_tablet=&#8221;32&#8243; header_font_size_phone=&#8221;32&#8243; body_font=&#8221;Play||||||||&#8221; body_font_size=&#8221;23&#8243; body_font_size_tablet=&#8221;20&#8243; body_font_size_phone=&#8221;20&#8243; background_image=&#8221;https:\/\/dkaserwis.pl\/wp-content\/uploads\/2017\/12\/electric-1080584_1920.jpg&#8221; custom_css_before=&#8221;height:70vh;&#8221; custom_css_main_element=&#8221;height:70vh;&#8221; custom_css_after=&#8221;height:70vh;&#8221;]<\/p>\n<h4><span style=\"font-size: xx-large;\"><strong>Potrzebujesz pomocy z zakresu elektrotechniki?<\/strong><\/span>\u00a0<\/h4>\n<p>\u00a0<\/p>\n<h4><span style=\"font-size: xx-large;\">\u00a0<\/span><\/h4>\n<h4><span style=\"font-size: xx-large;\"><strong>ZWR\u00d3\u0106 SI\u0118 DO PRAWDZIWYCH FACHOWC\u00d3W W TEJ DZIEDZINIE!<\/strong><\/span><\/h4>\n<p><span style=\"font-size: small;\">\u00a0<\/span><\/p>\n<p>\u00a0<\/p>\n<p>\u00a0<\/p>\n<p>[\/et_pb_slide][et_pb_slide use_bg_overlay=&#8221;on&#8221; bg_overlay_color=&#8221;rgba(0,0,0,0.64)&#8221; use_text_overlay=&#8221;off&#8221; arrows_custom_color=&#8221;#75a724&#8243; dot_nav_custom_color=&#8221;#75a724&#8243; _builder_version=&#8221;3.0.91&#8243; header_font=&#8221;Play|700||on|||||&#8221; header_text_align=&#8221;center&#8221; header_font_size=&#8221;32&#8243; header_font_size_tablet=&#8221;32&#8243; header_font_size_phone=&#8221;32&#8243; body_font=&#8221;Play||||||||&#8221; body_font_size=&#8221;23&#8243; body_font_size_tablet=&#8221;20&#8243; body_font_size_phone=&#8221;20&#8243; background_image=&#8221;https:\/\/dkaserwis.pl\/wp-content\/uploads\/2017\/12\/gear-192875_1280.jpg&#8221; custom_css_before=&#8221;height:70vh;&#8221; custom_css_main_element=&#8221;height:70vh;&#8221; custom_css_after=&#8221;height:70vh;&#8221;]<\/p>\n<p class=\"m_-635331536691565285gmail-MsoListParagraphCxSpMiddle\"><span style=\"font-size: xx-large;\"><strong>zajmujemy si\u0119 mi\u0119dzy innymi napraw\u0105 maszyn:<\/strong><\/span><\/p>\n<p class=\"m_-635331536691565285gmail-MsoListParagraphCxSpMiddle\"><span style=\"font-size: xx-large;\"><strong>\u00a0przemys\u0142owych<\/strong><\/span><\/p>\n<p class=\"m_-635331536691565285gmail-MsoListParagraphCxSpMiddle\"><span style=\"font-size: xx-large;\"><strong>\u00a0rolniczych\u00a0<\/strong><\/span><\/p>\n<p class=\"m_-635331536691565285gmail-MsoListParagraphCxSpMiddle\"><span style=\"font-size: xx-large;\"><strong>oraz<\/strong><\/span><\/p>\n<p class=\"m_-635331536691565285gmail-MsoListParagraphCxSpMiddle\"><span style=\"font-size: xx-large;\"><strong>\u00a0budowlanych\u00a0<\/strong><\/span><\/p>\n<p>\u00a0<\/p>\n<ul><\/ul>\n<p>\u00a0<\/p>\n<p>[\/et_pb_slide][et_pb_slide use_bg_overlay=&#8221;on&#8221; bg_overlay_color=&#8221;rgba(0,0,0,0.64)&#8221; use_text_overlay=&#8221;off&#8221; arrows_custom_color=&#8221;#75a724&#8243; dot_nav_custom_color=&#8221;#75a724&#8243; _builder_version=&#8221;3.0.91&#8243; header_font=&#8221;Play|700||on|||||&#8221; header_text_align=&#8221;center&#8221; header_font_size=&#8221;32&#8243; header_font_size_tablet=&#8221;32&#8243; header_font_size_phone=&#8221;32&#8243; body_font=&#8221;Play||||||||&#8221; body_font_size=&#8221;23&#8243; body_font_size_tablet=&#8221;20&#8243; body_font_size_phone=&#8221;20&#8243; background_image=&#8221;https:\/\/dkaserwis.pl\/wp-content\/uploads\/2017\/12\/electricity-1288717_1920.jpg&#8221; custom_css_before=&#8221;height:70vh;&#8221; custom_css_main_element=&#8221;height:70vh;&#8221; custom_css_after=&#8221;height:70vh;&#8221;]<\/p>\n<p><span style=\"font-size: xx-large;\"><strong>naprawimy r\u00f3wnie\u017c Twoje elektronarz\u0119dzia<\/strong><\/span><\/p>\n<p class=\"m_-635331536691565285gmail-MsoListParagraphCxSpLast\"><span style=\"font-size: xx-large;\"><strong>\u00a0i\u00a0<\/strong><\/span><\/p>\n<p class=\"m_-635331536691565285gmail-MsoListParagraphCxSpLast\"><span style=\"font-size: xx-large;\"><strong>zmodyfikujemy instalacje elektryczne<\/strong>\u00a0<\/span><\/p>\n<p>\u00a0<\/p>\n<p>[\/et_pb_slide][et_pb_slide use_bg_overlay=&#8221;on&#8221; bg_overlay_color=&#8221;rgba(0,0,0,0.64)&#8221; use_text_overlay=&#8221;off&#8221; arrows_custom_color=&#8221;#75a724&#8243; dot_nav_custom_color=&#8221;#75a724&#8243; _builder_version=&#8221;3.0.91&#8243; header_font=&#8221;Play|700||on|||||&#8221; header_text_align=&#8221;center&#8221; header_font_size=&#8221;32&#8243; header_font_size_tablet=&#8221;32&#8243; header_font_size_phone=&#8221;32&#8243; body_font=&#8221;Play||||||||&#8221; body_font_size=&#8221;23&#8243; body_font_size_tablet=&#8221;20&#8243; body_font_size_phone=&#8221;20&#8243; background_image=&#8221;https:\/\/dkaserwis.pl\/wp-content\/uploads\/2017\/12\/gears-1236578_1920.jpg&#8221; custom_css_before=&#8221;height:70vh;&#8221; custom_css_main_element=&#8221;height:70vh;&#8221; custom_css_after=&#8221;height:70vh;&#8221;]<\/p>\n<div>\n<h3><span style=\"font-size: xx-large;\"><strong>ZAPRASZAMY<\/strong><\/span><\/h3>\n<\/div>\n<h3><span style=\"font-size: xx-large;\"><strong>DO\u00a0<\/strong><\/span><\/h3>\n<h3><span style=\"font-size: xx-large;\"><strong>WSP\u00d3\u0141PRACY<\/strong><\/span><\/h3>\n<p>\u00a0<\/p>\n<ul><\/ul>\n<p>\u00a0<\/p>\n<p>[\/et_pb_slide][\/et_pb_fullwidth_slider][\/et_pb_section][et_pb_section fb_built=&#8221;1&#8243; _builder_version=&#8221;3.0.47&#8243;][et_pb_row _builder_version=&#8221;3.0.47&#8243; background_size=&#8221;initial&#8221; background_position=&#8221;top_left&#8221; background_repeat=&#8221;repeat&#8221;][et_pb_column type=&#8221;4_4&#8243; _builder_version=&#8221;3.0.47&#8243; parallax=&#8221;off&#8221; parallax_method=&#8221;on&#8221;][et_pb_text _builder_version=&#8221;3.0.91&#8243; text_font=&#8221;Play||||||||&#8221; text_font_size=&#8221;15px&#8221; text_text_color=&#8221;#000000&#8243;]<\/p>\n<h3 style=\"text-align: center;\"><span style=\"color: #000000;\"><strong><span lang=\"pl-PL\">O Nas<\/span><\/strong><\/span><\/h3>\n<p><span lang=\"pl-PL\">Jeste\u015bmy firm\u0105 handlowo-us\u0142ugow\u0105, kt\u00f3ra w swojej ofercie posiada szeroki zakres us\u0142ug, g\u0142\u00f3wnie zwi\u0105zanych z napraw\u0105 maszyn i urz\u0105dze\u0144 pod k\u0105tem elektryki, mechaniki oraz automatyki. Nasze us\u0142ugi wykonywane s\u0105 na najwy\u017cszym poziomie. Zapewniamy fachow\u0105 obs\u0142ug\u0119 i doradztwo w ka\u017cdym zakresie, obs\u0142ugi maszyn i urz\u0105dze\u0144 wszelkiego typu. Firm\u0119 tworzy pracowity i fachowy zesp\u00f3\u0142, aby w pe\u0142ni zadowoli\u0107 i usatysfakcjonowa\u0107 klient\u00f3w, kt\u00f3rzy Nam zaufali. <\/span><\/p>\n<p><span lang=\"pl-PL\">Firma DKA Serwis, stawia na pierwszym miejscu, jako\u015b\u0107 wykonywania prac, dlatego posiadamy w swoim warsztacie nowoczesne narz\u0119dzia, dzi\u0119ki kt\u00f3rym jeste\u015bmy w stanie wykona\u0107 naprawy w bardzo szybkim tempie z nale\u017cyt\u0105 staranno\u015bci\u0105. Nasz serwis jest r\u00f3wnie\u017c w pe\u0142ni mobilny, dlatego mo\u017cemy do Pa\u0144stwa bez problemu dojecha\u0107 i usun\u0105\u0107 ka\u017cd\u0105 usterk\u0119.<\/span><\/p>\n<p><span lang=\"pl-PL\">Naszym celem jest ci\u0105g\u0142y rozw\u00f3j, poszerzanie parku maszynowego i narz\u0119dziowego tak aby w pe\u0142ni Pa\u0144stwa usatysfakcjonowa\u0107 i budowa\u0107 pozytywne relacje na d\u0142ugie lata. Je\u017celi powierzycie Pa\u0144stwo napraw\u0119 Waszego sprz\u0119tu firmie DKA Serwis, macie pewno\u015b\u0107, \u017ce jest on w dobrych r\u0119kach oraz pe\u0142ne wsparcie w znalezieniu najlepszego rozwi\u0105zania problemu. <\/span><\/p>\n<p>[\/et_pb_text][\/et_pb_column][\/et_pb_row][\/et_pb_section][et_pb_section fb_built=&#8221;1&#8243; fullwidth=&#8221;on&#8221; _builder_version=&#8221;3.0.91&#8243; global_module=&#8221;143&#8243;][et_pb_fullwidth_header _builder_version=&#8221;3.0.91&#8243; background_image=&#8221;https:\/\/dkaserwis.pl\/wp-content\/uploads\/2017\/12\/tool-2766835_1920.jpg&#8221; parallax=&#8221;on&#8221; custom_css_before=&#8221;height:200px;&#8221; custom_css_main_element=&#8221;height:200px;&#8221; custom_css_after=&#8221;height:200px;&#8221;][\/et_pb_fullwidth_header][\/et_pb_section][et_pb_section fb_built=&#8221;1&#8243; background_color=&#8221;#2d2d2d&#8221; _builder_version=&#8221;3.0.91&#8243; global_module=&#8221;144&#8243;][et_pb_row _builder_version=&#8221;3.0.47&#8243; background_size=&#8221;initial&#8221; background_position=&#8221;top_left&#8221; background_repeat=&#8221;repeat&#8221;][et_pb_column type=&#8221;1_2&#8243; _builder_version=&#8221;3.0.47&#8243; parallax=&#8221;off&#8221; parallax_method=&#8221;on&#8221;][et_pb_blurb title=&#8221;in\u017c. Dawid Kasi\u0144ski&#8221; use_icon=&#8221;on&#8221; font_icon=&#8221;%%149%%&#8221; icon_color=&#8221;#ffffff&#8221; icon_placement=&#8221;left&#8221; background_layout=&#8221;dark&#8221; _builder_version=&#8221;3.0.91&#8243;][\/et_pb_blurb][et_pb_blurb title=&#8221;535 819 975&#8243; use_icon=&#8221;on&#8221; font_icon=&#8221;%%264%%&#8221; icon_color=&#8221;#ffffff&#8221; icon_placement=&#8221;left&#8221; background_layout=&#8221;dark&#8221; _builder_version=&#8221;3.0.91&#8243;][\/et_pb_blurb][et_pb_blurb title=&#8221;biuro@dkaserwis.pl&#8221; use_icon=&#8221;on&#8221; font_icon=&#8221;%%238%%&#8221; icon_color=&#8221;#ffffff&#8221; icon_placement=&#8221;left&#8221; background_layout=&#8221;dark&#8221; _builder_version=&#8221;3.0.91&#8243;][\/et_pb_blurb][et_pb_blurb title=&#8221;Firma Handlowo-Us\u0142ugowa DKA Serwis Dawid Kasi\u0144ski&#8221; use_icon=&#8221;on&#8221; font_icon=&#8221;%%286%%&#8221; icon_color=&#8221;#ffffff&#8221; icon_placement=&#8221;left&#8221; background_layout=&#8221;dark&#8221; _builder_version=&#8221;3.0.91&#8243; body_text_color=&#8221;#ffffff&#8221;]<\/p>\n<p><span style=\"color: #ffffff;\"><span lang=\"pl-PL\">Samotnia 9<br \/> <\/span><span lang=\"pl-PL\">28-210 Bogoria<br \/> <\/span><span lang=\"pl-PL\">NIP: 866-172-62-58<br \/> <\/span><span lang=\"pl-PL\">REGON: <\/span>368912693<\/span><\/p>\n<p>[\/et_pb_blurb][\/et_pb_column][et_pb_column type=&#8221;1_2&#8243; _builder_version=&#8221;3.0.47&#8243; parallax=&#8221;off&#8221; parallax_method=&#8221;on&#8221;][et_pb_contact_form captcha=&#8221;off&#8221; module_id=&#8221;et_pb_contact_form_0&#8243; _builder_version=&#8221;3.0.91&#8243; custom_button=&#8221;on&#8221; button_text_color=&#8221;#ffffff&#8221; button_bg_color=&#8221;#75a724&#8243;][et_pb_contact_field field_id=&#8221;Imi\u0119_i_nazwisko&#8221; field_title=&#8221;Imi\u0119 i nazwisko&#8221; fullwidth_field=&#8221;on&#8221; _builder_version=&#8221;3.0.91&#8243;][\/et_pb_contact_field][et_pb_contact_field field_id=&#8221;Telefon&#8221; field_title=&#8221;Telefon&#8221; fullwidth_field=&#8221;on&#8221; _builder_version=&#8221;3.0.91&#8243;][\/et_pb_contact_field][et_pb_contact_field field_id=&#8221;Email&#8221; field_title=&#8221;Email&#8221; field_type=&#8221;email&#8221; fullwidth_field=&#8221;on&#8221; _builder_version=&#8221;3.0.91&#8243;][\/et_pb_contact_field][et_pb_contact_field field_id=&#8221;Message&#8221; field_title=&#8221;Wiadomo\u015b\u0107&#8221; field_type=&#8221;text&#8221; fullwidth_field=&#8221;on&#8221; _builder_version=&#8221;3.0.91&#8243;][\/et_pb_contact_field][\/et_pb_contact_form][\/et_pb_column][\/et_pb_row][et_pb_row make_fullwidth=&#8221;on&#8221; _builder_version=&#8221;3.0.91&#8243; module_alignment=&#8221;center&#8221;][et_pb_column type=&#8221;4_4&#8243; _builder_version=&#8221;3.0.47&#8243; parallax=&#8221;off&#8221; parallax_method=&#8221;on&#8221;][et_pb_code _builder_version=&#8221;3.0.91&#8243;]&lt;center&gt;&lt;!&#8211; [et_pb_line_break_holder] &#8211;&gt;&lt;iframe src=&quot;https:\/\/www.google.com\/maps\/embed?pb=!1m18!1m12!1m3!1d2530.694436195841!2d21.372580315738002!3d50.632792979500955!2m3!1f0!2f0!3f0!3m2!1i1024!2i768!4f13.1!3m3!1m2!1s0x473d53e1992035fd%3A0x49541dce4a73fad7!2sSamotnia+9%2C+28-210+Jurkowice!5e0!3m2!1spl!2spl!4v1513256425083&quot; width=&quot;2000&quot; height=&quot;500&quot; frameborder=&quot;0&quot; style=&quot;border:0&quot; allowfullscreen&gt;&lt;\/iframe&gt;&lt;!&#8211; [et_pb_line_break_holder] &#8211;&gt;&lt;\/center&gt;[\/et_pb_code][\/et_pb_column][\/et_pb_row][\/et_pb_section]<\/p>\n","protected":false},"excerpt":{"rendered":"<p>Potrzebujesz pomocy z zakresu elektrotechniki?\u00a0 \u00a0 \u00a0 ZWR\u00d3\u0106 SI\u0118 DO PRAWDZIWYCH FACHOWC\u00d3W W TEJ DZIEDZINIE! \u00a0 \u00a0 \u00a0zajmujemy si\u0119 mi\u0119dzy innymi napraw\u0105 maszyn: \u00a0przemys\u0142owych \u00a0rolniczych\u00a0 oraz \u00a0budowlanych\u00a0 \u00a0 \u00a0naprawimy r\u00f3wnie\u017c Twoje elektronarz\u0119dzia \u00a0i\u00a0 zmodyfikujemy instalacje elektryczne\u00a0 \u00a0 ZAPRASZAMY DO\u00a0 WSP\u00d3\u0141PRACY \u00a0 \u00a0O Nas Jeste\u015bmy firm\u0105 handlowo-us\u0142ugow\u0105, kt\u00f3ra w swojej ofercie posiada szeroki zakres us\u0142ug, g\u0142\u00f3wnie [&hellip;]<\/p>\n","protected":false},"author":1,"featured_media":0,"parent":0,"menu_order":0,"comment_status":"closed","ping_status":"closed","template":"","meta":{"_et_pb_use_builder":"on","_et_pb_old_content":"","_et_gb_content_width":"","footnotes":""},"class_list":["post-110","page","type-page","status-publish","hentry"],"aioseo_notices":[],"_links":{"self":[{"href":"https:\/\/dkaserwis.pl\/index.php\/wp-json\/wp\/v2\/pages\/110","targetHints":{"allow":["GET"]}}],"collection":[{"href":"https:\/\/dkaserwis.pl\/index.php\/wp-json\/wp\/v2\/pages"}],"about":[{"href":"https:\/\/dkaserwis.pl\/index.php\/wp-json\/wp\/v2\/types\/page"}],"author":[{"embeddable":true,"href":"https:\/\/dkaserwis.pl\/index.php\/wp-json\/wp\/v2\/users\/1"}],"replies":[{"embeddable":true,"href":"https:\/\/dkaserwis.pl\/index.php\/wp-json\/wp\/v2\/comments?post=110"}],"version-history":[{"count":0,"href":"https:\/\/dkaserwis.pl\/index.php\/wp-json\/wp\/v2\/pages\/110\/revisions"}],"wp:attachment":[{"href":"https:\/\/dkaserwis.pl\/index.php\/wp-json\/wp\/v2\/media?parent=110"}],"curies":[{"name":"wp","href":"https:\/\/api.w.org\/{rel}","templated":true}]}}