{"id":111,"date":"2017-12-14T12:55:05","date_gmt":"2017-12-14T11:55:05","guid":{"rendered":"https:\/\/dkaserwis.pl\/index.php\/oferta\/"},"modified":"2018-12-05T20:46:04","modified_gmt":"2018-12-05T19:46:04","slug":"oferta","status":"publish","type":"page","link":"https:\/\/dkaserwis.pl\/index.php\/oferta\/","title":{"rendered":"Oferta"},"content":{"rendered":"<p>[et_pb_section fb_built=&#8221;1&#8243; fullwidth=&#8221;on&#8221; _builder_version=&#8221;3.0.92&#8243; global_module=&#8221;142&#8243;][et_pb_fullwidth_slider _builder_version=&#8221;3.0.92&#8243; box_shadow_style=&#8221;preset6&#8243; box_shadow_blur=&#8221;10px&#8221; box_shadow_color=&#8221;rgba(0,0,0,0.1)&#8221; auto=&#8221;on&#8221; auto_ignore_hover=&#8221;on&#8221; show_inner_shadow=&#8221;on&#8221;][et_pb_slide use_bg_overlay=&#8221;on&#8221; bg_overlay_color=&#8221;rgba(0,0,0,0.64)&#8221; use_text_overlay=&#8221;off&#8221; arrows_custom_color=&#8221;#75a724&#8243; dot_nav_custom_color=&#8221;#75a724&#8243; _builder_version=&#8221;3.0.92&#8243; header_font=&#8221;Play|700||on|||||&#8221; header_text_align=&#8221;center&#8221; header_font_size=&#8221;32&#8243; header_font_size_tablet=&#8221;32&#8243; header_font_size_phone=&#8221;32&#8243; body_font=&#8221;Play||||||||&#8221; body_font_size=&#8221;23&#8243; body_font_size_tablet=&#8221;20&#8243; body_font_size_phone=&#8221;20&#8243; background_color=&#8221;#ffffff&#8221; background_image=&#8221;https:\/\/dkaserwis.pl\/wp-content\/uploads\/2017\/12\/electric-1080584_1920.jpg&#8221; custom_css_before=&#8221;height:70vh;&#8221; custom_css_main_element=&#8221;height:70vh;&#8221; custom_css_after=&#8221;height:70vh;&#8221;]<\/p>\n<h1 style=\"text-align: center;\"><span style=\"font-size: x-large;\"><strong>Potrzebujesz pomocy z zakresu elektrotechniki?<\/strong>\u00a0<\/span><\/h1>\n<h1 style=\"text-align: center;\"><span style=\"font-size: x-large;\">\u00a0<\/span><\/h1>\n<h1 style=\"text-align: center;\"><span style=\"font-size: x-large;\"><strong>ZWR\u00d3\u0106 SI\u0118 DO PRAWDZIWYCH FACHOWC\u00d3W W TEJ DZIEDZINIE!<\/strong><\/span><\/h1>\n<p><span style=\"font-size: small;\">\u00a0<\/span><\/p>\n<p>\u00a0<\/p>\n<p>\u00a0<\/p>\n<p>[\/et_pb_slide][et_pb_slide use_bg_overlay=&#8221;on&#8221; bg_overlay_color=&#8221;rgba(0,0,0,0.64)&#8221; use_text_overlay=&#8221;off&#8221; arrows_custom_color=&#8221;#75a724&#8243; dot_nav_custom_color=&#8221;#75a724&#8243; _builder_version=&#8221;3.0.92&#8243; header_font=&#8221;Play|700||on|||||&#8221; header_text_align=&#8221;center&#8221; header_font_size=&#8221;32&#8243; header_font_size_tablet=&#8221;32&#8243; header_font_size_phone=&#8221;32&#8243; body_font=&#8221;Play||||||||&#8221; body_font_size=&#8221;23&#8243; body_font_size_tablet=&#8221;20&#8243; body_font_size_phone=&#8221;20&#8243; background_color=&#8221;#ffffff&#8221; background_image=&#8221;https:\/\/dkaserwis.pl\/wp-content\/uploads\/2017\/12\/gear-192875_1280.jpg&#8221; custom_css_before=&#8221;height:70vh;&#8221; custom_css_main_element=&#8221;height:70vh;&#8221; custom_css_after=&#8221;height:70vh;&#8221;]<\/p>\n<h1 class=\"m_-635331536691565285gmail-MsoListParagraphCxSpMiddle\" style=\"text-align: center;\"><span style=\"font-size: xx-large;\"><strong>zajmujemy si\u0119 mi\u0119dzy innymi napraw\u0105:<\/strong><\/span><\/h1>\n<h2 style=\"text-align: center;\"><strong>maszyn przemys\u0142owych<\/strong><\/h2>\n<h2 style=\"text-align: center;\"><strong>maszyn rolniczych<\/strong><\/h2>\n<h2 style=\"text-align: center;\"><strong>sprz\u0119tu AGD<\/strong><\/h2>\n<h3 style=\"text-align: center;\"><strong>i innych urz\u0105dze\u0144 elektrycznych<\/strong><\/h3>\n<h1 class=\"m_-635331536691565285gmail-MsoListParagraphCxSpMiddle\" style=\"text-align: center;\"><span style=\"font-size: xx-large;\"><strong>\u00a0<\/strong><\/span><\/h1>\n<p>\u00a0<\/p>\n<p>\u00a0<\/p>\n<p>[\/et_pb_slide][et_pb_slide use_bg_overlay=&#8221;on&#8221; bg_overlay_color=&#8221;rgba(0,0,0,0.64)&#8221; use_text_overlay=&#8221;off&#8221; arrows_custom_color=&#8221;#75a724&#8243; dot_nav_custom_color=&#8221;#75a724&#8243; _builder_version=&#8221;3.0.92&#8243; header_font=&#8221;Play|700||on|||||&#8221; header_text_align=&#8221;center&#8221; header_font_size=&#8221;32&#8243; header_font_size_tablet=&#8221;32&#8243; header_font_size_phone=&#8221;32&#8243; body_font=&#8221;Play||||||||&#8221; body_font_size=&#8221;23&#8243; body_font_size_tablet=&#8221;20&#8243; body_font_size_phone=&#8221;20&#8243; background_color=&#8221;#ffffff&#8221; background_image=&#8221;https:\/\/dkaserwis.pl\/wp-content\/uploads\/2017\/12\/electricity-1288717_1920.jpg&#8221; custom_css_before=&#8221;height:70vh;&#8221; custom_css_main_element=&#8221;height:70vh;&#8221; custom_css_after=&#8221;height:70vh;&#8221;]<\/p>\n<h1 style=\"text-align: center;\"><span style=\"font-size: xx-large;\"><strong>naprawimy r\u00f3wnie\u017c Twoje elektronarz\u0119dzia<\/strong><\/span><\/h1>\n<h1 class=\"m_-635331536691565285gmail-MsoListParagraphCxSpLast\" style=\"text-align: center;\"><span style=\"font-size: xx-large;\"><strong>\u00a0i<\/strong><\/span><\/h1>\n<h1 class=\"m_-635331536691565285gmail-MsoListParagraphCxSpLast\" style=\"text-align: center;\"><span style=\"font-size: xx-large;\"><strong>zmodyfikujemy instalacje elektryczne<\/strong>\u00a0<\/span><\/h1>\n<p>\u00a0<\/p>\n<p>[\/et_pb_slide][et_pb_slide use_bg_overlay=&#8221;on&#8221; bg_overlay_color=&#8221;rgba(0,0,0,0.64)&#8221; use_text_overlay=&#8221;off&#8221; arrows_custom_color=&#8221;#75a724&#8243; dot_nav_custom_color=&#8221;#75a724&#8243; _builder_version=&#8221;3.0.92&#8243; header_font=&#8221;Play|700||on|||||&#8221; header_text_align=&#8221;center&#8221; header_font_size=&#8221;32&#8243; header_font_size_tablet=&#8221;32&#8243; header_font_size_phone=&#8221;32&#8243; body_font=&#8221;Play||||||||&#8221; body_font_size=&#8221;23&#8243; body_font_size_tablet=&#8221;20&#8243; body_font_size_phone=&#8221;20&#8243; background_color=&#8221;#ffffff&#8221; background_image=&#8221;https:\/\/dkaserwis.pl\/wp-content\/uploads\/2017\/12\/gears-1236578_1920.jpg&#8221; custom_css_before=&#8221;height:70vh;&#8221; custom_css_main_element=&#8221;height:70vh;&#8221; custom_css_after=&#8221;height:70vh;&#8221;]<\/p>\n<div>\n<h1 style=\"text-align: center;\"><strong><span style=\"font-size: xx-large;\">ZAPRASZAMY<\/span><\/strong><\/h1>\n<\/div>\n<h1 style=\"text-align: center;\"><strong><span style=\"font-size: xx-large;\">DO<\/span><\/strong><\/h1>\n<h1 style=\"text-align: center;\"><strong><span style=\"font-size: xx-large;\">WSP\u00d3\u0141PRACY<\/span><\/strong><\/h1>\n<p>\u00a0<\/p>\n<p>\u00a0<\/p>\n<p>[\/et_pb_slide][\/et_pb_fullwidth_slider][\/et_pb_section][et_pb_section fb_built=&#8221;1&#8243; _builder_version=&#8221;3.0.47&#8243;][et_pb_row _builder_version=&#8221;3.0.47&#8243; background_size=&#8221;initial&#8221; background_position=&#8221;top_left&#8221; background_repeat=&#8221;repeat&#8221;][et_pb_column type=&#8221;4_4&#8243; _builder_version=&#8221;3.0.47&#8243; parallax=&#8221;off&#8221; parallax_method=&#8221;on&#8221;][et_pb_text _builder_version=&#8221;3.0.91&#8243; text_font=&#8221;Play||||||||&#8221; text_text_color=&#8221;#000000&#8243; text_font_size=&#8221;15px&#8221;]<\/p>\n<h4 style=\"text-align: center;\"><span style=\"color: #000000;\"><strong><span lang=\"pl-PL\">Oferta<\/span><\/strong><\/span><\/h4>\n<p style=\"text-align: center;\"><span style=\"color: #000000;\"><span lang=\"pl-PL\">Nasz\u0105 ofert\u0119 kierujemy do klient\u00f3w biznesowych, jaki i indywidualnych, a znajduje si\u0119 w niej mi\u0119dzy innymi:<\/span><\/span><\/p>\n<p>&nbsp;<br \/>\n[\/et_pb_text][\/et_pb_column][\/et_pb_row][et_pb_row _builder_version=&#8221;3.0.47&#8243; background_size=&#8221;initial&#8221; background_position=&#8221;top_left&#8221; background_repeat=&#8221;repeat&#8221;][et_pb_column type=&#8221;1_2&#8243; _builder_version=&#8221;3.0.47&#8243; parallax=&#8221;off&#8221; parallax_method=&#8221;on&#8221;][et_pb_text _builder_version=&#8221;3.0.92&#8243; text_font=&#8221;Play||||||||&#8221; text_text_color=&#8221;#000000&#8243; text_font_size=&#8221;15px&#8221;]<\/p>\n<ul>\n<li>naprawa maszyn przemys\u0142owych pod k\u0105tem elektryki oraz mechaniki<br \/> \u2013 specjalizujemy si\u0119 w maszynach do przerobu z\u0142omu; strz\u0119piarki, prasono\u017cyce, paczkarki, separatory magnetyczne<\/li>\n<li>prefabrykacja szaf sterowniczych; zmiany w sterowaniu<\/li>\n<li>automatyka przemys\u0142owa<\/li>\n<li>modernizacje instalacji elektrycznych maszyn i urz\u0105dze\u0144<\/li>\n<li>monta\u017c o\u015bwietlenia zak\u0142adowego.<\/li>\n<li>instalacja i konfiguracja nap\u0119d\u00f3w elektrycznych maszyn i urz\u0105dze\u0144<\/li>\n<li>usuwanie awarii elektrycznych; przerwane kable, zwarcia instalacji itp.<\/li>\n<li>prace \u015blusarsko- spawalnicze<\/li>\n<li>obr\u00f3bka skrawaniem; toczenie [100&#215;800], frezowanie<\/li>\n<li>ci\u0119cie plazm\u0105 blach do grubo\u015bci 25 mm<\/li>\n<li>naprawa motoreduktor\u00f3w i przek\u0142adni; regeneracja, wymiana \u0142o\u017cysk i uszczelniaczy<\/li>\n<li>obs\u0142uga serwisowa maszyn i urz\u0105dze\u0144 w ramach UR<\/li>\n<li>kompleksowa renowacja i odnawianie maszyn i urz\u0105dze\u0144<\/li>\n<li>remonty maszyn wed\u0142ug wskazanego zakresu<\/li>\n<li>inne prace zwi\u0105zane z utrzymaniem ruchu mi\u0119dzy innycmi:<\/li>\n<\/ul>\n<p>&#8211; piel\u0119gnacja teren\u00f3w zielonych;<br \/>karczowanie krzew\u00f3w, koszenie traw, \u015bcinka drzew<br \/> -bie\u017c\u0105ce remonty budynk\u00f3w, renowacja pokry\u0107 dachowych<br \/> -remonty pomieszcze\u0144 biurowych<\/p>\n<p>[\/et_pb_text][\/et_pb_column][et_pb_column type=&#8221;1_2&#8243; _builder_version=&#8221;3.0.47&#8243; parallax=&#8221;off&#8221; parallax_method=&#8221;on&#8221;][et_pb_text _builder_version=&#8221;3.0.92&#8243; text_font=&#8221;Play||||||||&#8221; text_text_color=&#8221;#000000&#8243; text_font_size=&#8221;15px&#8221;]<\/p>\n<p><span style=\"color: #000000;\"><span lang=\"pl-PL\">Ponadto w ofercie handlowej prowadzonej na zam\u00f3wienie realizujemy sprzeda\u017c:<\/span><\/span><\/p>\n<ul>\n<li><span style=\"color: #000000;\"><span lang=\"pl-PL\">silnik\u00f3w <\/span><\/span><\/li>\n<li><span style=\"color: #000000;\"><span lang=\"pl-PL\">falownik\u00f3w<\/span><\/span><\/li>\n<li><span style=\"color: #000000;\"><span lang=\"pl-PL\">motoreduktor\u00f3w<\/span><\/span><\/li>\n<li><span style=\"color: #000000;\"><span lang=\"pl-PL\">sprz\u0119gie\u0142 maszynowych<\/span><\/span><\/li>\n<li><span style=\"color: #000000;\"><span lang=\"pl-PL\">transporter\u00f3w ta\u015bmowych<\/span><\/span><\/li>\n<li><span style=\"color: #000000;\"><span lang=\"pl-PL\">element\u00f3w hydrauliki si\u0142owej<\/span><\/span><\/li>\n<li><span style=\"color: #000000;\">artyku\u0142\u00f3w elektrycznych i elektronicznych<\/span><\/li>\n<li><span style=\"color: #000000;\">cz\u0119\u015bci do maszyn rolniczych<\/span><\/li>\n<\/ul>\n<p><span style=\"color: #000000;\"><span lang=\"pl-PL\">I inne elementy wykorzystywane w przemy\u015ble. <\/span><\/span><\/p>\n<p style=\"text-align: center;\"><span style=\"color: #000000;\"><span lang=\"pl-PL\">Zapytania prosz\u0119 kierowa\u0107 na adres email.<\/span><\/span><\/p>\n<p style=\"text-align: center;\"><span style=\"color: #000000;\"><span lang=\"pl-PL\"><\/span><\/span><\/p>\n<p align=\"center\" style=\"text-align: center;\"><span style=\"color: #000000;\"><strong><span style=\"font-size: 24.0pt;\">JAKO\u015a\u0106,<\/span><\/strong><strong><span style=\"font-size: 18.0pt;\">\u00a0TO CO\u015a, NA CO DZI\u015a STAWIAJ\u0104 NAJLEPSI<\/span><\/strong><\/span><\/p>\n<p align=\"center\" style=\"text-align: center;\"><span style=\"color: #000000;\"><strong><span style=\"font-size: 24.0pt;\">JAKO\u015a\u0106,<\/span><\/strong><strong><span style=\"font-size: 18.0pt;\"> TO DAJE PA\u0143STWU<\/span><\/strong><\/span><\/p>\n<p align=\"center\" style=\"text-align: center;\"><span style=\"color: #000000;\"><strong><span style=\"font-size: 18.0pt;\"> <\/span><\/strong><strong><span style=\"font-size: 24.0pt;\">DKA Serwis<\/span><\/strong><\/span><\/p>\n<p>[\/et_pb_text][\/et_pb_column][\/et_pb_row][\/et_pb_section][et_pb_section fb_built=&#8221;1&#8243; fullwidth=&#8221;on&#8221; _builder_version=&#8221;3.0.91&#8243; global_module=&#8221;143&#8243;][et_pb_fullwidth_header _builder_version=&#8221;3.2&#8243; background_color=&#8221;rgba(255, 255, 255, 0)&#8221; background_image=&#8221;https:\/\/dkaserwis.pl\/wp-content\/uploads\/2017\/12\/tool-2766835_1920.jpg&#8221; parallax=&#8221;on&#8221; background_layout=&#8221;light&#8221; custom_css_before=&#8221;height:200px;&#8221; custom_css_main_element=&#8221;height:200px;&#8221; custom_css_after=&#8221;height:200px;&#8221;][\/et_pb_fullwidth_header][\/et_pb_section][et_pb_section fb_built=&#8221;1&#8243; _builder_version=&#8221;3.0.91&#8243; background_color=&#8221;#2d2d2d&#8221; global_module=&#8221;144&#8243;][et_pb_row _builder_version=&#8221;3.0.47&#8243; background_size=&#8221;initial&#8221; background_position=&#8221;top_left&#8221; background_repeat=&#8221;repeat&#8221;][et_pb_column type=&#8221;1_2&#8243; _builder_version=&#8221;3.0.47&#8243; parallax=&#8221;off&#8221; parallax_method=&#8221;on&#8221;][et_pb_blurb title=&#8221;in\u017c. Dawid Kasi\u0144ski&#8221; use_icon=&#8221;on&#8221; font_icon=&#8221;%%149%%&#8221; icon_color=&#8221;#ffffff&#8221; icon_placement=&#8221;left&#8221; _builder_version=&#8221;3.0.92&#8243; background_layout=&#8221;dark&#8221;][\/et_pb_blurb][et_pb_blurb title=&#8221;535 819 975&#8243; use_icon=&#8221;on&#8221; font_icon=&#8221;%%264%%&#8221; icon_color=&#8221;#ffffff&#8221; icon_placement=&#8221;left&#8221; _builder_version=&#8221;3.14&#8243; background_layout=&#8221;dark&#8221;][\/et_pb_blurb][et_pb_blurb title=&#8221;biuro@dkaserwis.pl&#8221; use_icon=&#8221;on&#8221; font_icon=&#8221;%%238%%&#8221; icon_color=&#8221;#ffffff&#8221; icon_placement=&#8221;left&#8221; _builder_version=&#8221;3.0.91&#8243; background_layout=&#8221;dark&#8221;][\/et_pb_blurb][et_pb_blurb title=&#8221; DKA Serwis &#8221; use_icon=&#8221;on&#8221; font_icon=&#8221;%%286%%&#8221; icon_color=&#8221;#ffffff&#8221; icon_placement=&#8221;left&#8221; _builder_version=&#8221;3.0.92&#8243; body_text_color=&#8221;#ffffff&#8221; background_layout=&#8221;dark&#8221;]<\/p>\n<p><span style=\"color: #ffffff;\"><span lang=\"pl-PL\">Samotnia 9<br \/><\/span><span lang=\"pl-PL\">28-210 Bogoria<br \/><\/span><span lang=\"pl-PL\">NIP: 866-172-62-58<br \/><\/span><span lang=\"pl-PL\">REGON: <\/span>368912693<\/span><\/p>\n<p>[\/et_pb_blurb][\/et_pb_column][et_pb_column type=&#8221;1_2&#8243; _builder_version=&#8221;3.0.47&#8243; parallax=&#8221;off&#8221; parallax_method=&#8221;on&#8221;][et_pb_contact_form captcha=&#8221;off&#8221; module_id=&#8221;et_pb_contact_form_0&#8243; _builder_version=&#8221;3.0.91&#8243; custom_button=&#8221;on&#8221; button_text_color=&#8221;#ffffff&#8221; button_bg_color=&#8221;#75a724&#8243;][et_pb_contact_field field_id=&#8221;Imi\u0119_i_nazwisko&#8221; field_title=&#8221;Imi\u0119 i nazwisko&#8221; fullwidth_field=&#8221;on&#8221; _builder_version=&#8221;3.0.91&#8243;][\/et_pb_contact_field][et_pb_contact_field field_id=&#8221;Telefon&#8221; field_title=&#8221;Telefon&#8221; fullwidth_field=&#8221;on&#8221; _builder_version=&#8221;3.0.91&#8243;][\/et_pb_contact_field][et_pb_contact_field field_id=&#8221;Email&#8221; field_title=&#8221;Email&#8221; field_type=&#8221;email&#8221; fullwidth_field=&#8221;on&#8221; _builder_version=&#8221;3.0.91&#8243;][\/et_pb_contact_field][et_pb_contact_field field_id=&#8221;Message&#8221; field_title=&#8221;Wiadomo\u015b\u0107&#8221; field_type=&#8221;text&#8221; fullwidth_field=&#8221;on&#8221; _builder_version=&#8221;3.0.91&#8243;][\/et_pb_contact_field][\/et_pb_contact_form][\/et_pb_column][\/et_pb_row][et_pb_row make_fullwidth=&#8221;on&#8221; _builder_version=&#8221;3.0.91&#8243; module_alignment=&#8221;center&#8221;][et_pb_column type=&#8221;4_4&#8243; _builder_version=&#8221;3.0.47&#8243; parallax=&#8221;off&#8221; parallax_method=&#8221;on&#8221;][et_pb_code _builder_version=&#8221;3.0.91&#8243;]&lt;center&gt;&lt;!&#8211; [et_pb_line_break_holder] &#8211;&gt;&lt;iframe src=&quot;https:\/\/www.google.com\/maps\/embed?pb=!1m18!1m12!1m3!1d2530.694436195841!2d21.372580315738002!3d50.632792979500955!2m3!1f0!2f0!3f0!3m2!1i1024!2i768!4f13.1!3m3!1m2!1s0x473d53e1992035fd%3A0x49541dce4a73fad7!2sSamotnia+9%2C+28-210+Jurkowice!5e0!3m2!1spl!2spl!4v1513256425083&quot; width=&quot;2000&quot; height=&quot;500&quot; frameborder=&quot;0&quot; style=&quot;border:0&quot; allowfullscreen&gt;&lt;\/iframe&gt;&lt;!&#8211; [et_pb_line_break_holder] &#8211;&gt;&lt;\/center&gt;[\/et_pb_code][\/et_pb_column][\/et_pb_row][\/et_pb_section]<\/p>\n","protected":false},"excerpt":{"rendered":"<p>Potrzebujesz pomocy z zakresu elektrotechniki?\u00a0 \u00a0 ZWR\u00d3\u0106 SI\u0118 DO PRAWDZIWYCH FACHOWC\u00d3W W TEJ DZIEDZINIE! \u00a0 \u00a0 \u00a0zajmujemy si\u0119 mi\u0119dzy innymi napraw\u0105: maszyn przemys\u0142owych maszyn rolniczych sprz\u0119tu AGD i innych urz\u0105dze\u0144 elektrycznych \u00a0 \u00a0 \u00a0naprawimy r\u00f3wnie\u017c Twoje elektronarz\u0119dzia \u00a0i zmodyfikujemy instalacje elektryczne\u00a0 \u00a0 ZAPRASZAMY DO WSP\u00d3\u0141PRACY \u00a0 \u00a0Oferta Nasz\u0105 ofert\u0119 kierujemy do klient\u00f3w biznesowych, jaki i [&hellip;]<\/p>\n","protected":false},"author":1,"featured_media":0,"parent":0,"menu_order":0,"comment_status":"closed","ping_status":"closed","template":"","meta":{"_et_pb_use_builder":"on","_et_pb_old_content":"","_et_gb_content_width":"","footnotes":""},"class_list":["post-111","page","type-page","status-publish","hentry"],"aioseo_notices":[],"_links":{"self":[{"href":"https:\/\/dkaserwis.pl\/index.php\/wp-json\/wp\/v2\/pages\/111","targetHints":{"allow":["GET"]}}],"collection":[{"href":"https:\/\/dkaserwis.pl\/index.php\/wp-json\/wp\/v2\/pages"}],"about":[{"href":"https:\/\/dkaserwis.pl\/index.php\/wp-json\/wp\/v2\/types\/page"}],"author":[{"embeddable":true,"href":"https:\/\/dkaserwis.pl\/index.php\/wp-json\/wp\/v2\/users\/1"}],"replies":[{"embeddable":true,"href":"https:\/\/dkaserwis.pl\/index.php\/wp-json\/wp\/v2\/comments?post=111"}],"version-history":[{"count":0,"href":"https:\/\/dkaserwis.pl\/index.php\/wp-json\/wp\/v2\/pages\/111\/revisions"}],"wp:attachment":[{"href":"https:\/\/dkaserwis.pl\/index.php\/wp-json\/wp\/v2\/media?parent=111"}],"curies":[{"name":"wp","href":"https:\/\/api.w.org\/{rel}","templated":true}]}}